{"id":1993,"date":"2020-11-30T20:51:09","date_gmt":"2020-11-30T17:51:09","guid":{"rendered":"http:\/\/corporex.com.ar\/?page_id=1993"},"modified":"2022-08-31T16:31:30","modified_gmt":"2022-08-31T13:31:30","slug":"sistemas-de-filtrado-3l","status":"publish","type":"page","link":"https:\/\/corporex.com.ar\/index.php\/sistemas-de-filtrado-3l\/","title":{"rendered":"Sistemas de Filtrado 3L"},"content":{"rendered":"\t\t<div data-elementor-type=\"wp-page\" data-elementor-id=\"1993\" class=\"elementor elementor-1993\" data-elementor-settings=\"[]\">\n\t\t\t\t\t\t<div class=\"elementor-inner\">\n\t\t\t\t\t\t\t<div class=\"elementor-section-wrap\">\n\t\t\t\t\t\t\t<section class=\"elementor-section elementor-top-section elementor-element elementor-element-3b482348 elementor-section-boxed elementor-section-height-default elementor-section-height-default\" data-id=\"3b482348\" data-element_type=\"section\">\n\t\t\t\t\t\t<div class=\"elementor-container elementor-column-gap-default\">\n\t\t\t\t\t\t\t<div class=\"elementor-row\">\n\t\t\t\t\t<div class=\"elementor-column elementor-col-100 elementor-top-column elementor-element elementor-element-732c19d7\" data-id=\"732c19d7\" data-element_type=\"column\">\n\t\t\t<div class=\"elementor-column-wrap elementor-element-populated\">\n\t\t\t\t\t\t\t<div class=\"elementor-widget-wrap\">\n\t\t\t\t\t\t<div class=\"elementor-element elementor-element-4815f42 elementor-position-top elementor-vertical-align-top elementor-widget elementor-widget-image-box\" data-id=\"4815f42\" data-element_type=\"widget\" data-widget_type=\"image-box.default\">\n\t\t\t\t<div class=\"elementor-widget-container\">\n\t\t\t<div class=\"elementor-image-box-wrapper\"><figure class=\"elementor-image-box-img\"><img width=\"640\" height=\"133\" src=\"https:\/\/corporex.com.ar\/wp-content\/uploads\/2020\/12\/3L-FiltersLogo-1.png\" class=\"attachment-large size-large\" alt=\"\" loading=\"lazy\" \/><\/figure><div class=\"elementor-image-box-content\"><p class=\"elementor-image-box-description\"><br><br><br><br><br><br><br><br><br><br><br><br><br><br><br><br><br><br><br><br><br><br><span style=\"color: rgb(0, 0, 0); font-size: 20px; text-align: start;\">Filtros y Sistemas de Filtrado 3L - <a href=\"https:\/\/www.thermon.com\/products\/heating-systems\/3l-filters\/\n\"target=\"_blank\" style=\"font-family: Roboto, RobotoDraft, Helvetica, Arial, sans-serif;\">Thermon<\/a><font face=\"Roboto, RobotoDraft, Helvetica, Arial, sans-serif\">\n<\/font><\/span><\/p><\/div><\/div>\t\t<\/div>\n\t\t\t\t<\/div>\n\t\t\t\t\t\t<\/div>\n\t\t\t\t\t<\/div>\n\t\t<\/div>\n\t\t\t\t\t\t\t\t<\/div>\n\t\t\t\t\t<\/div>\n\t\t<\/section>\n\t\t\t\t<section class=\"elementor-section elementor-top-section elementor-element elementor-element-5daaf95f elementor-section-boxed elementor-section-height-default elementor-section-height-default\" data-id=\"5daaf95f\" data-element_type=\"section\">\n\t\t\t\t\t\t<div class=\"elementor-container elementor-column-gap-default\">\n\t\t\t\t\t\t\t<div class=\"elementor-row\">\n\t\t\t\t\t<div class=\"elementor-column elementor-col-100 elementor-top-column elementor-element elementor-element-47d3616f\" data-id=\"47d3616f\" data-element_type=\"column\">\n\t\t\t<div class=\"elementor-column-wrap elementor-element-populated\">\n\t\t\t\t\t\t\t<div class=\"elementor-widget-wrap\">\n\t\t\t\t\t\t<div class=\"elementor-element elementor-element-561f5ed5 elementor-widget-divider--view-line elementor-widget elementor-widget-divider\" data-id=\"561f5ed5\" data-element_type=\"widget\" data-widget_type=\"divider.default\">\n\t\t\t\t<div class=\"elementor-widget-container\">\n\t\t\t\t\t<div class=\"elementor-divider\">\n\t\t\t<span class=\"elementor-divider-separator\">\n\t\t\t\t\t\t<\/span>\n\t\t<\/div>\n\t\t\t\t<\/div>\n\t\t\t\t<\/div>\n\t\t\t\t<div class=\"elementor-element elementor-element-a3df9f4 elementor-widget elementor-widget-text-editor\" data-id=\"a3df9f4\" data-element_type=\"widget\" data-widget_type=\"text-editor.default\">\n\t\t\t\t<div class=\"elementor-widget-container\">\n\t\t\t\t\t\t\t\t<div class=\"elementor-text-editor elementor-clearfix\">\n\t\t\t\t<p>M\u00e1s de 40 a\u00f1os sirviendo a la industria con una amplia gama de productos standard y a pedido para todo tipo de aplicaciones.<\/p><p>3L Filters mantiene los m\u00e1s altos standards de calidad en el dise\u00f1o y producci\u00f3n de sus sistemas de filtrado, con productos dise\u00f1ados seg\u00fan normas ASME VIII Div. 1 y\/o Nuclear SEC III CL-1.<\/p><p>Sistemas de Acondicionamiento de Gas Combustible paquetizados, incluyendo filtrado, reducci\u00f3n de presi\u00f3n, calefacci\u00f3n del gas u otros requerimientos del Cliente.<\/p><p>La l\u00ednea de productos de 3L Filters incluye:<\/p><ul><li>Filtros de Bolsa.<\/li><li>Cribas (strainers).<\/li><li>Filtros de Carb\u00f3n Activado.<\/li><li>Filtros de Cartucho.<\/li><li>Separadores de Gas.<\/li><li>Separadores de L\u00edquidos (dos etapas verticales).<\/li><li>Separadores de L\u00edquidos (dos etapas horizontales).<\/li><li>Separadores de L\u00edquidos (tres etapas horizontales).<\/li><li>Pre Filtros de Arcillas.<\/li><li>Deshidratadores.<\/li><li>Cierre F\u00e1cil.<\/li><li>Monitores de Combustibles.<\/li><li>Dise\u00f1os a Pedido.<\/li><li>Aplicaciones Nucleares.<\/li><li>Recipientes de Presi\u00f3n Repuestos y Accesorios.<\/li><li>Sistemas de Acondicionamiento de Gas Combustible.<\/li><\/ul><p>Las aplicaciones m\u00e1s comunes de los filtros 3L son:<\/p><ul><li>Filtrado de Petr\u00f3leo, Gas y Combustibles.<\/li><li>Filtrado de Solventes y Refrigerantes.<\/li><li>Pre-filtrados.<\/li><li>Remoci\u00f3n de Agua de Combustibles.<\/li><li>Remoci\u00f3n de Contaminantes y Part\u00edculas.<\/li><li>Tratamiento y Remediaci\u00f3n de Aguas.<\/li><li>Plantas Nucleares.<\/li><li>Filtrado de Tintas, Pegamentos y Adhesivos.<\/li><\/ul><p>Para m\u00e1s informaci\u00f3n cont\u00e1ctenos o visite <a href=\"https:\/\/www.thermon.com\/products\/heating-systems\/3l-filters\/\" target=\"_blank\" rel=\"noopener\">http:\/\/www.thermon.com\/us\/products\/specialty-products\/filtration-systems<\/a><\/p>\t\t\t\t\t<\/div>\n\t\t\t\t\t\t<\/div>\n\t\t\t\t<\/div>\n\t\t\t\t\t\t<\/div>\n\t\t\t\t\t<\/div>\n\t\t<\/div>\n\t\t\t\t\t\t\t\t<\/div>\n\t\t\t\t\t<\/div>\n\t\t<\/section>\n\t\t\t\t<section class=\"elementor-section elementor-top-section elementor-element elementor-element-4c857fd8 elementor-section-boxed elementor-section-height-default elementor-section-height-default\" data-id=\"4c857fd8\" data-element_type=\"section\">\n\t\t\t\t\t\t<div class=\"elementor-container elementor-column-gap-default\">\n\t\t\t\t\t\t\t<div class=\"elementor-row\">\n\t\t\t\t\t<div class=\"elementor-column elementor-col-100 elementor-top-column elementor-element elementor-element-3dbb37ad\" data-id=\"3dbb37ad\" data-element_type=\"column\">\n\t\t\t<div class=\"elementor-column-wrap elementor-element-populated\">\n\t\t\t\t\t\t\t<div class=\"elementor-widget-wrap\">\n\t\t\t\t\t\t<div class=\"elementor-element elementor-element-954cb76 elementor-widget-divider--view-line elementor-widget elementor-widget-divider\" data-id=\"954cb76\" data-element_type=\"widget\" data-widget_type=\"divider.default\">\n\t\t\t\t<div class=\"elementor-widget-container\">\n\t\t\t\t\t<div class=\"elementor-divider\">\n\t\t\t<span class=\"elementor-divider-separator\">\n\t\t\t\t\t\t<\/span>\n\t\t<\/div>\n\t\t\t\t<\/div>\n\t\t\t\t<\/div>\n\t\t\t\t<div class=\"elementor-element elementor-element-6680cf18 elementor-arrows-position-inside elementor-widget elementor-widget-image-carousel\" data-id=\"6680cf18\" data-element_type=\"widget\" data-settings=\"{&quot;navigation&quot;:&quot;arrows&quot;,&quot;autoplay_speed&quot;:3000,&quot;autoplay&quot;:&quot;yes&quot;,&quot;pause_on_hover&quot;:&quot;yes&quot;,&quot;pause_on_interaction&quot;:&quot;yes&quot;,&quot;infinite&quot;:&quot;yes&quot;,&quot;speed&quot;:500}\" data-widget_type=\"image-carousel.default\">\n\t\t\t\t<div class=\"elementor-widget-container\">\n\t\t\t\t\t<div class=\"elementor-image-carousel-wrapper swiper-container\" dir=\"ltr\">\n\t\t\t<div class=\"elementor-image-carousel swiper-wrapper\">\n\t\t\t\t\t\t\t\t<div class=\"swiper-slide\"><a data-elementor-open-lightbox=\"yes\" data-elementor-lightbox-slideshow=\"6680cf18\" data-elementor-lightbox-title=\"PROFLOW\" href=\"https:\/\/corporex.com.ar\/wp-content\/uploads\/2020\/12\/PROFLOW.jpg\"><figure class=\"swiper-slide-inner\"><img class=\"swiper-slide-image\" src=\"https:\/\/corporex.com.ar\/wp-content\/uploads\/2020\/12\/PROFLOW-112x150.jpg\" alt=\"PROFLOW\" \/><figcaption class=\"elementor-image-carousel-caption\">PROFLOW<\/figcaption><\/figure><\/a><\/div><div class=\"swiper-slide\"><a data-elementor-open-lightbox=\"yes\" data-elementor-lightbox-slideshow=\"6680cf18\" data-elementor-lightbox-title=\"NUCLEAR OVERVIEW 2\" href=\"https:\/\/corporex.com.ar\/wp-content\/uploads\/2020\/12\/NUCLEAR-OVERVIEW-2.png\"><figure class=\"swiper-slide-inner\"><img class=\"swiper-slide-image\" src=\"https:\/\/corporex.com.ar\/wp-content\/uploads\/2020\/12\/NUCLEAR-OVERVIEW-2-150x150.png\" alt=\"NUCLEAR OVERVIEW 2\" \/><figcaption class=\"elementor-image-carousel-caption\">NUCLEAR OVERVIEW 2<\/figcaption><\/figure><\/a><\/div><div class=\"swiper-slide\"><a data-elementor-open-lightbox=\"yes\" data-elementor-lightbox-slideshow=\"6680cf18\" data-elementor-lightbox-title=\"NUCLEAR OVERVIEW 1\" href=\"https:\/\/corporex.com.ar\/wp-content\/uploads\/2020\/12\/NUCLEAR-OVERVIEW-1.png\"><figure class=\"swiper-slide-inner\"><img class=\"swiper-slide-image\" src=\"https:\/\/corporex.com.ar\/wp-content\/uploads\/2020\/12\/NUCLEAR-OVERVIEW-1-150x150.png\" alt=\"NUCLEAR OVERVIEW 1\" \/><figcaption class=\"elementor-image-carousel-caption\">NUCLEAR OVERVIEW 1<\/figcaption><\/figure><\/a><\/div><div class=\"swiper-slide\"><a data-elementor-open-lightbox=\"yes\" data-elementor-lightbox-slideshow=\"6680cf18\" data-elementor-lightbox-title=\"MULTI BAG FILTER HOUSING\" href=\"https:\/\/corporex.com.ar\/wp-content\/uploads\/2020\/12\/MULTI-BAG-FILTER-HOUSING.png\"><figure class=\"swiper-slide-inner\"><img class=\"swiper-slide-image\" src=\"https:\/\/corporex.com.ar\/wp-content\/uploads\/2020\/12\/MULTI-BAG-FILTER-HOUSING-150x150.png\" alt=\"MULTI BAG FILTER HOUSING\" \/><figcaption class=\"elementor-image-carousel-caption\">MULTI BAG FILTER HOUSING<\/figcaption><\/figure><\/a><\/div><div class=\"swiper-slide\"><a data-elementor-open-lightbox=\"yes\" data-elementor-lightbox-slideshow=\"6680cf18\" data-elementor-lightbox-title=\"FULFLO\" href=\"https:\/\/corporex.com.ar\/wp-content\/uploads\/2020\/12\/FULFLO.jpg\"><figure class=\"swiper-slide-inner\"><img class=\"swiper-slide-image\" src=\"https:\/\/corporex.com.ar\/wp-content\/uploads\/2020\/12\/FULFLO-150x150.jpg\" alt=\"FULFLO\" \/><figcaption class=\"elementor-image-carousel-caption\">FULFLO<\/figcaption><\/figure><\/a><\/div><div class=\"swiper-slide\"><a data-elementor-open-lightbox=\"yes\" data-elementor-lightbox-slideshow=\"6680cf18\" data-elementor-lightbox-title=\"FLUOROFLOW\" href=\"https:\/\/corporex.com.ar\/wp-content\/uploads\/2020\/12\/FLUOROFLOW.jpg\"><figure class=\"swiper-slide-inner\"><img class=\"swiper-slide-image\" src=\"https:\/\/corporex.com.ar\/wp-content\/uploads\/2020\/12\/FLUOROFLOW-125x150.jpg\" alt=\"FLUOROFLOW\" \/><figcaption class=\"elementor-image-carousel-caption\">FLUOROFLOW<\/figcaption><\/figure><\/a><\/div><div class=\"swiper-slide\"><a data-elementor-open-lightbox=\"yes\" data-elementor-lightbox-slideshow=\"6680cf18\" data-elementor-lightbox-title=\"CLOSURES\" href=\"https:\/\/corporex.com.ar\/wp-content\/uploads\/2020\/12\/CLOSURES.png\"><figure class=\"swiper-slide-inner\"><img class=\"swiper-slide-image\" src=\"https:\/\/corporex.com.ar\/wp-content\/uploads\/2020\/12\/CLOSURES-150x150.png\" alt=\"CLOSURES\" \/><figcaption class=\"elementor-image-carousel-caption\">CLOSURES<\/figcaption><\/figure><\/a><\/div><div class=\"swiper-slide\"><a data-elementor-open-lightbox=\"yes\" data-elementor-lightbox-slideshow=\"6680cf18\" data-elementor-lightbox-title=\"ACTIVATED CARBON FILTER\" href=\"https:\/\/corporex.com.ar\/wp-content\/uploads\/2020\/12\/ACTIVATED-CARBON-FILTER.png\"><figure class=\"swiper-slide-inner\"><img class=\"swiper-slide-image\" src=\"https:\/\/corporex.com.ar\/wp-content\/uploads\/2020\/12\/ACTIVATED-CARBON-FILTER-137x150.png\" alt=\"ACTIVATED CARBON FILTER\" \/><figcaption class=\"elementor-image-carousel-caption\">ACTIVATED CARBON FILTER<\/figcaption><\/figure><\/a><\/div><div class=\"swiper-slide\"><a data-elementor-open-lightbox=\"yes\" data-elementor-lightbox-slideshow=\"6680cf18\" data-elementor-lightbox-title=\"Cariflo\" href=\"https:\/\/corporex.com.ar\/wp-content\/uploads\/2020\/12\/Cariflo.jpg\"><figure class=\"swiper-slide-inner\"><img class=\"swiper-slide-image\" src=\"https:\/\/corporex.com.ar\/wp-content\/uploads\/2020\/12\/Cariflo-121x150.jpg\" alt=\"CARIFLO\" \/><figcaption class=\"elementor-image-carousel-caption\">CARIFLO<\/figcaption><\/figure><\/a><\/div>\t\t\t<\/div>\n\t\t\t\t\t\t\t\t\t\t\t\t\t\t\t\t<div class=\"elementor-swiper-button elementor-swiper-button-prev\">\n\t\t\t\t\t\t<i class=\"eicon-chevron-left\" aria-hidden=\"true\"><\/i>\n\t\t\t\t\t\t<span class=\"elementor-screen-only\">Anterior<\/span>\n\t\t\t\t\t<\/div>\n\t\t\t\t\t<div class=\"elementor-swiper-button elementor-swiper-button-next\">\n\t\t\t\t\t\t<i class=\"eicon-chevron-right\" aria-hidden=\"true\"><\/i>\n\t\t\t\t\t\t<span class=\"elementor-screen-only\">Siguiente<\/span>\n\t\t\t\t\t<\/div>\n\t\t\t\t\t\t\t\t\t<\/div>\n\t\t\t\t<\/div>\n\t\t\t\t<\/div>\n\t\t\t\t\t\t<\/div>\n\t\t\t\t\t<\/div>\n\t\t<\/div>\n\t\t\t\t\t\t\t\t<\/div>\n\t\t\t\t\t<\/div>\n\t\t<\/section>\n\t\t\t\t\t\t<\/div>\n\t\t\t\t\t\t<\/div>\n\t\t\t\t\t<\/div>\n\t\t","protected":false},"excerpt":{"rendered":"<p>Filtros y Sistemas de Filtrado 3L &#8211; Thermon M\u00e1s de 40 a\u00f1os sirviendo a la industria con una amplia gama de productos standard y a pedido para todo tipo de aplicaciones. 3L Filters mantiene los m\u00e1s altos standards de calidad en el dise\u00f1o y producci\u00f3n de sus sistemas de filtrado, con productos dise\u00f1ados seg\u00fan normas [&hellip;]<\/p>\n","protected":false},"author":3,"featured_media":0,"parent":0,"menu_order":0,"comment_status":"closed","ping_status":"closed","template":"","meta":[],"_links":{"self":[{"href":"https:\/\/corporex.com.ar\/index.php\/wp-json\/wp\/v2\/pages\/1993"}],"collection":[{"href":"https:\/\/corporex.com.ar\/index.php\/wp-json\/wp\/v2\/pages"}],"about":[{"href":"https:\/\/corporex.com.ar\/index.php\/wp-json\/wp\/v2\/types\/page"}],"author":[{"embeddable":true,"href":"https:\/\/corporex.com.ar\/index.php\/wp-json\/wp\/v2\/users\/3"}],"replies":[{"embeddable":true,"href":"https:\/\/corporex.com.ar\/index.php\/wp-json\/wp\/v2\/comments?post=1993"}],"version-history":[{"count":53,"href":"https:\/\/corporex.com.ar\/index.php\/wp-json\/wp\/v2\/pages\/1993\/revisions"}],"predecessor-version":[{"id":2931,"href":"https:\/\/corporex.com.ar\/index.php\/wp-json\/wp\/v2\/pages\/1993\/revisions\/2931"}],"wp:attachment":[{"href":"https:\/\/corporex.com.ar\/index.php\/wp-json\/wp\/v2\/media?parent=1993"}],"curies":[{"name":"wp","href":"https:\/\/api.w.org\/{rel}","templated":true}]}}