{"id":15,"date":"2016-07-20T17:11:36","date_gmt":"2016-07-20T17:11:36","guid":{"rendered":"http:\/\/demo.hashthemes.com\/total\/?page_id=15"},"modified":"2020-11-23T23:11:39","modified_gmt":"2020-11-23T20:11:39","slug":"modern-technology","status":"publish","type":"page","link":"https:\/\/corporex.com.ar\/index.php\/modern-technology\/","title":{"rendered":"Confiabilidad"},"content":{"rendered":"<p>Utilizamos equipos, herramientas e insumos de muy alta calidad, con control y calibraciones peri\u00f3dicas manteniendo los m\u00e1s altos est\u00e1ndares que exige la industria.<\/p>\n\n\n<p><\/p>\n","protected":false},"excerpt":{"rendered":"<p>Utilizamos equipos, herramientas e insumos de muy alta calidad, con control y calibraciones peri\u00f3dicas manteniendo los m\u00e1s altos est\u00e1ndares que exige la industria.<\/p>\n","protected":false},"author":3,"featured_media":0,"parent":0,"menu_order":0,"comment_status":"closed","ping_status":"closed","template":"","meta":[],"_links":{"self":[{"href":"https:\/\/corporex.com.ar\/index.php\/wp-json\/wp\/v2\/pages\/15"}],"collection":[{"href":"https:\/\/corporex.com.ar\/index.php\/wp-json\/wp\/v2\/pages"}],"about":[{"href":"https:\/\/corporex.com.ar\/index.php\/wp-json\/wp\/v2\/types\/page"}],"author":[{"embeddable":true,"href":"https:\/\/corporex.com.ar\/index.php\/wp-json\/wp\/v2\/users\/3"}],"replies":[{"embeddable":true,"href":"https:\/\/corporex.com.ar\/index.php\/wp-json\/wp\/v2\/comments?post=15"}],"version-history":[{"count":3,"href":"https:\/\/corporex.com.ar\/index.php\/wp-json\/wp\/v2\/pages\/15\/revisions"}],"predecessor-version":[{"id":1143,"href":"https:\/\/corporex.com.ar\/index.php\/wp-json\/wp\/v2\/pages\/15\/revisions\/1143"}],"wp:attachment":[{"href":"https:\/\/corporex.com.ar\/index.php\/wp-json\/wp\/v2\/media?parent=15"}],"curies":[{"name":"wp","href":"https:\/\/api.w.org\/{rel}","templated":true}]}}