{"id":1485,"date":"2020-11-25T01:29:04","date_gmt":"2020-11-24T22:29:04","guid":{"rendered":"http:\/\/corporex.com.ar\/?page_id=1485"},"modified":"2023-05-24T21:17:40","modified_gmt":"2023-05-24T18:17:40","slug":"calefactores-electricos-antiexplosivos-ruffneck-y-norseman","status":"publish","type":"page","link":"https:\/\/corporex.com.ar\/index.php\/calefactores-electricos-antiexplosivos-ruffneck-y-norseman\/","title":{"rendered":"Calefactores El\u00e9ctricos Antiexplosivos RUFFNECK Y NORSEMAN"},"content":{"rendered":"\t\t<div data-elementor-type=\"wp-page\" data-elementor-id=\"1485\" class=\"elementor elementor-1485\" data-elementor-settings=\"[]\">\n\t\t\t\t\t\t<div class=\"elementor-inner\">\n\t\t\t\t\t\t\t<div class=\"elementor-section-wrap\">\n\t\t\t\t\t\t\t<section class=\"elementor-section elementor-top-section elementor-element elementor-element-7f6409ee elementor-section-boxed elementor-section-height-default elementor-section-height-default\" data-id=\"7f6409ee\" data-element_type=\"section\">\n\t\t\t\t\t\t<div class=\"elementor-container elementor-column-gap-default\">\n\t\t\t\t\t\t\t<div class=\"elementor-row\">\n\t\t\t\t\t<div class=\"elementor-column elementor-col-100 elementor-top-column elementor-element elementor-element-4610e6c6\" data-id=\"4610e6c6\" data-element_type=\"column\">\n\t\t\t<div class=\"elementor-column-wrap elementor-element-populated\">\n\t\t\t\t\t\t\t<div class=\"elementor-widget-wrap\">\n\t\t\t\t\t\t<div class=\"elementor-element elementor-element-68f197c4 elementor-position-top elementor-vertical-align-top elementor-widget elementor-widget-image-box\" data-id=\"68f197c4\" data-element_type=\"widget\" data-widget_type=\"image-box.default\">\n\t\t\t\t<div class=\"elementor-widget-container\">\n\t\t\t<div class=\"elementor-image-box-wrapper\"><figure class=\"elementor-image-box-img\"><img width=\"300\" height=\"30\" src=\"https:\/\/corporex.com.ar\/wp-content\/uploads\/2020\/11\/NorsemanRuffneckLogo-300x30.png\" class=\"attachment-medium size-medium\" alt=\"\" loading=\"lazy\" \/><\/figure><div class=\"elementor-image-box-content\"><p class=\"elementor-image-box-description\"><br><br><br><br><br><br><br><br><br><br><br><br><br><span style=\"color: rgb(0, 0, 0); font-size: 20px; text-align: start;\">Calefactores El\u00e9ctricos Antiexplosivos RUFFNECK \/ NORSEMAN - \n<\/span><span style=\"color: rgb(0, 0, 0); font-size: 20px; text-align: start;\"><font face=\"Roboto, RobotoDraft, Helvetica, Arial, sans-serif\">\n<span style=\"color: rgb(0, 0, 0); font-size: 20px; text-align: start;\">\n<a href=\"https:\/\/www.thermon.com\/us\/ruffneck\n\"target=\"_blank\" style=\"font-family: Roboto, RobotoDraft, Helvetica, Arial, sans-serif;\">Ruffneck<\/a><\/span><span style=\"color: rgb(0, 0, 0); font-size: 20px; text-align: start;\"><font face=\"Roboto, RobotoDraft, Helvetica, Arial, sans-serif\">\n<span style=\"color: rgb(0, 0, 0); font-size: 20px; text-align: start;\">\/ \n<a href=\"https:\/\/www.thermon.com\/products\/heating-systems\/norseman\/\n\"target=\"_blank\" style=\"font-family: Roboto, RobotoDraft, Helvetica, Arial, sans-serif;\">Norseman<\/a><\/span><span style=\"color: rgb(0, 0, 0); font-size: 20px; text-align: start;\"><font face=\"Roboto, RobotoDraft, Helvetica, Arial, sans-serif\"><\/font><\/span><\/font><\/span><\/font><\/span><\/p><\/div><\/div>\t\t<\/div>\n\t\t\t\t<\/div>\n\t\t\t\t\t\t<\/div>\n\t\t\t\t\t<\/div>\n\t\t<\/div>\n\t\t\t\t\t\t\t\t<\/div>\n\t\t\t\t\t<\/div>\n\t\t<\/section>\n\t\t\t\t<section class=\"elementor-section elementor-top-section elementor-element elementor-element-23670174 elementor-section-boxed elementor-section-height-default elementor-section-height-default\" data-id=\"23670174\" data-element_type=\"section\">\n\t\t\t\t\t\t<div class=\"elementor-container elementor-column-gap-default\">\n\t\t\t\t\t\t\t<div class=\"elementor-row\">\n\t\t\t\t\t<div class=\"elementor-column elementor-col-100 elementor-top-column elementor-element elementor-element-66a64d4d\" data-id=\"66a64d4d\" data-element_type=\"column\">\n\t\t\t<div class=\"elementor-column-wrap elementor-element-populated\">\n\t\t\t\t\t\t\t<div class=\"elementor-widget-wrap\">\n\t\t\t\t\t\t<div class=\"elementor-element elementor-element-582da797 elementor-widget-divider--view-line elementor-widget elementor-widget-divider\" data-id=\"582da797\" data-element_type=\"widget\" data-widget_type=\"divider.default\">\n\t\t\t\t<div class=\"elementor-widget-container\">\n\t\t\t\t\t<div class=\"elementor-divider\">\n\t\t\t<span class=\"elementor-divider-separator\">\n\t\t\t\t\t\t<\/span>\n\t\t<\/div>\n\t\t\t\t<\/div>\n\t\t\t\t<\/div>\n\t\t\t\t\t\t<\/div>\n\t\t\t\t\t<\/div>\n\t\t<\/div>\n\t\t\t\t\t\t\t\t<\/div>\n\t\t\t\t\t<\/div>\n\t\t<\/section>\n\t\t\t\t<section class=\"elementor-section elementor-top-section elementor-element elementor-element-3e30bde6 elementor-section-boxed elementor-section-height-default elementor-section-height-default\" data-id=\"3e30bde6\" data-element_type=\"section\">\n\t\t\t\t\t\t<div class=\"elementor-container elementor-column-gap-default\">\n\t\t\t\t\t\t\t<div class=\"elementor-row\">\n\t\t\t\t\t<div class=\"elementor-column elementor-col-100 elementor-top-column elementor-element elementor-element-4502231a\" data-id=\"4502231a\" data-element_type=\"column\">\n\t\t\t<div class=\"elementor-column-wrap elementor-element-populated\">\n\t\t\t\t\t\t\t<div class=\"elementor-widget-wrap\">\n\t\t\t\t\t\t<div class=\"elementor-element elementor-element-40b6596f elementor-widget-divider--view-line elementor-widget elementor-widget-divider\" data-id=\"40b6596f\" data-element_type=\"widget\" data-widget_type=\"divider.default\">\n\t\t\t\t<div class=\"elementor-widget-container\">\n\t\t\t\t\t<div class=\"elementor-divider\">\n\t\t\t<span class=\"elementor-divider-separator\">\n\t\t\t\t\t\t<\/span>\n\t\t<\/div>\n\t\t\t\t<\/div>\n\t\t\t\t<\/div>\n\t\t\t\t<div class=\"elementor-element elementor-element-16da8fbf elementor-widget elementor-widget-toggle\" data-id=\"16da8fbf\" data-element_type=\"widget\" data-widget_type=\"toggle.default\">\n\t\t\t\t<div class=\"elementor-widget-container\">\n\t\t\t\t\t<div class=\"elementor-toggle\" role=\"tablist\">\n\t\t\t\t\t\t\t<div class=\"elementor-toggle-item\">\n\t\t\t\t\t<div id=\"elementor-tab-title-3831\" class=\"elementor-tab-title\" data-tab=\"1\" role=\"tab\" aria-controls=\"elementor-tab-content-3831\" aria-expanded=\"false\">\n\t\t\t\t\t\t\t\t\t\t\t\t<span class=\"elementor-toggle-icon elementor-toggle-icon-left\" aria-hidden=\"true\">\n\t\t\t\t\t\t\t\t\t\t\t\t\t\t\t<span class=\"elementor-toggle-icon-closed\"><i class=\"fas fa-circle\"><\/i><\/span>\n\t\t\t\t\t\t\t\t<span class=\"elementor-toggle-icon-opened\"><i class=\"elementor-toggle-icon-opened fas fa-circle\"><\/i><\/span>\n\t\t\t\t\t\t\t\t\t\t\t\t\t<\/span>\n\t\t\t\t\t\t\t\t\t\t\t\t<a href=\"\" class=\"elementor-toggle-title\">Ruffneck<\/a>\n\t\t\t\t\t<\/div>\n\n\t\t\t\t\t<div id=\"elementor-tab-content-3831\" class=\"elementor-tab-content elementor-clearfix\" data-tab=\"1\" role=\"tabpanel\" aria-labelledby=\"elementor-tab-title-3831\"><p>Amplia l\u00ednea de calefactores antiexplosivos (el\u00e9ctricos y a base de intercambiadores de calor) y temostatos industriales (comunes y antiexplosivos). Dise\u00f1os robustos para aplicaciones industriales. Plazos de entrega cortos. Pol\u00edtica de &#8220;ship the heat in a week&#8221;, con 95% de los productos standard con plazo de entrega de una semana.<\/p><ul><li><strong>SERIES FX6 y FE2<\/strong>. Calefactores de aire el\u00e9ctricos antiexplosivos de ventilaci\u00f3n forzada con intercambiador l\u00edquido. 2,5 a 35 kW.<\/li><li><strong>SERIES AH y HP\/FR<\/strong>. Calefactores de aire intercambiadores de tiro forzado con ventilador el\u00e9ctrico y calor aportado por fluido externo (vapor, agua, glycol, aceite, etc.). Antiexplosivos. 1,5 a 450 kW.<\/li><li><strong>SERIES CX1 y CF1<\/strong>. Calefactores de aire el\u00e9ctricos antiexplosivos de convecci\u00f3n natural. 0,75 a 7,6 kW.<\/li><li><strong>SERIE CR1<\/strong>. Calefactores de aire el\u00e9ctricos de ventilaci\u00f3n forzada NEMA 4X. Aptos para ambientes corrosivos y con presencia de agua. 3 a 39 kW.<\/li><li><strong>SERIES RGE y RGX<\/strong>. Calefactores de aire el\u00e9ctricos de ventilaci\u00f3n forzada. Para uso industrial y comercial general y de servicio pesado (no antiexplosivo) 2 a 50 kW.<\/li><li><strong>SERIES RDFF, RDIF, RDFT, RDIT y RXDF<\/strong>. Calefactores de aire el\u00e9ctricos para ductos. Para uso industrial y comercial general. Serie RXDF resistentes a la humedad y antiexplosivos. 2,5 a 62,5 kW.<\/li><li><strong> TERMOSTATOS<\/strong>. Standard y antiexplosivos. Series DEFENDER, ET, XT y TF.<\/li><\/ul><\/div>\n\t\t\t\t<\/div>\n\t\t\t\t\t\t\t<div class=\"elementor-toggle-item\">\n\t\t\t\t\t<div id=\"elementor-tab-title-3832\" class=\"elementor-tab-title\" data-tab=\"2\" role=\"tab\" aria-controls=\"elementor-tab-content-3832\" aria-expanded=\"false\">\n\t\t\t\t\t\t\t\t\t\t\t\t<span class=\"elementor-toggle-icon elementor-toggle-icon-left\" aria-hidden=\"true\">\n\t\t\t\t\t\t\t\t\t\t\t\t\t\t\t<span class=\"elementor-toggle-icon-closed\"><i class=\"fas fa-circle\"><\/i><\/span>\n\t\t\t\t\t\t\t\t<span class=\"elementor-toggle-icon-opened\"><i class=\"elementor-toggle-icon-opened fas fa-circle\"><\/i><\/span>\n\t\t\t\t\t\t\t\t\t\t\t\t\t<\/span>\n\t\t\t\t\t\t\t\t\t\t\t\t<a href=\"\" class=\"elementor-toggle-title\">Norseman<\/a>\n\t\t\t\t\t<\/div>\n\n\t\t\t\t\t<div id=\"elementor-tab-content-3832\" class=\"elementor-tab-content elementor-clearfix\" data-tab=\"2\" role=\"tabpanel\" aria-labelledby=\"elementor-tab-title-3832\"><p>Calefactores el\u00e9ctricos antiexplosivos de bajo mantenimiento y termostatos para una amplia variedad de aplicaciones. Variedad de modelos. Diversas configuraciones de panel o entubados, de convecci\u00f3n natural o forzados. Dise\u00f1os especiales a pedido. Construcci\u00f3n durable. Disipadores y gabinetes de aluminio anodizado libre de cobre y elementos calefactores NORSEMAN niquelados de baja densidad proveen un funcionamiento confiable con bajo mantenimiento. Cableado simplificado. Cajas de conexi\u00f3n sistema X-MAX permiten un cableado compacto y sencillo, con tapas a rosca y bornera deslizante.<\/p><ul><li><strong>SERIE XGB<\/strong> Calefactores el\u00e9ctricos antiexplosivos con ventilaci\u00f3n forzada. Dise\u00f1o compacto y liviano. Elementos calefactores recubiertos por tubos extra pesados de pared aletada niquelados. Libres de glycol. Montaje orientable. Versiones de 3,75 a 35 kW. Monof\u00e1sicos o trif\u00e1sicos.<\/li><li><strong>SERIES XP Y XB<\/strong> Calefactores antiexplosivos el\u00e9ctricos de convecci\u00f3n natural. Modelo XP: 50 a 700 W Modelo XB: 455 a 5000 W.<\/li><li><strong>TERMOSTATOS ANTIEXPLOSIVOS<\/strong> Series XTB, XTK y XTW de termostatos industriales para \u00e1reas clasificadas.<\/li><li><strong>CAJA DE CONEXIONES X-MAX<\/strong> Las cajas de conexiones antiexplosivas X-MAX usadas en los calefactores NORSEMAN vienen en distintos largos. Tienen tapas roscadas en los extremos y rieles en su interior con borneras deslizantes. Al momento de conectar se saca una de las tapas, se desliza la bornera hacia afuera y se realiza la conexi\u00f3n. Esto hace que la conexi\u00f3n sea muy r\u00e1pida. La caja es muy compacta y no requiere espacio libre delante ni detr\u00e1s.<\/li><\/ul><\/div>\n\t\t\t\t<\/div>\n\t\t\t\t\t\t\t<div class=\"elementor-toggle-item\">\n\t\t\t\t\t<div id=\"elementor-tab-title-3833\" class=\"elementor-tab-title\" data-tab=\"3\" role=\"tab\" aria-controls=\"elementor-tab-content-3833\" aria-expanded=\"false\">\n\t\t\t\t\t\t\t\t\t\t\t\t<span class=\"elementor-toggle-icon elementor-toggle-icon-left\" aria-hidden=\"true\">\n\t\t\t\t\t\t\t\t\t\t\t\t\t\t\t<span class=\"elementor-toggle-icon-closed\"><i class=\"fas fa-circle\"><\/i><\/span>\n\t\t\t\t\t\t\t\t<span class=\"elementor-toggle-icon-opened\"><i class=\"elementor-toggle-icon-opened fas fa-circle\"><\/i><\/span>\n\t\t\t\t\t\t\t\t\t\t\t\t\t<\/span>\n\t\t\t\t\t\t\t\t\t\t\t\t<a href=\"\" class=\"elementor-toggle-title\">Aplicaciones<\/a>\n\t\t\t\t\t<\/div>\n\n\t\t\t\t\t<div id=\"elementor-tab-content-3833\" class=\"elementor-tab-content elementor-clearfix\" data-tab=\"3\" role=\"tabpanel\" aria-labelledby=\"elementor-tab-title-3833\"><p>Hay calefactores RUFFNECK Y NORSEMAN para aplicaciones en casi todas las \u00e1reas riesgosas. Las m\u00e1s comunes son:<\/p><ul><li>Plataformas y refiner\u00edas de petr\u00f3leo<\/li><li>Gabinetes de control y recintos<\/li><li>Dep\u00f3sitos de pinturas y solventes<\/li><li>Plantas de gas\u00a0<\/li><li>Estaciones de bombeo<\/li><li>Estaciones de servicio GNC\u00a0<\/li><li>Estaciones compresoras<\/li><\/ul><\/div>\n\t\t\t\t<\/div>\n\t\t\t\t\t\t\t<div class=\"elementor-toggle-item\">\n\t\t\t\t\t<div id=\"elementor-tab-title-3834\" class=\"elementor-tab-title\" data-tab=\"4\" role=\"tab\" aria-controls=\"elementor-tab-content-3834\" aria-expanded=\"false\">\n\t\t\t\t\t\t\t\t\t\t\t\t<span class=\"elementor-toggle-icon elementor-toggle-icon-left\" aria-hidden=\"true\">\n\t\t\t\t\t\t\t\t\t\t\t\t\t\t\t<span class=\"elementor-toggle-icon-closed\"><i class=\"fas fa-circle\"><\/i><\/span>\n\t\t\t\t\t\t\t\t<span class=\"elementor-toggle-icon-opened\"><i class=\"elementor-toggle-icon-opened fas fa-circle\"><\/i><\/span>\n\t\t\t\t\t\t\t\t\t\t\t\t\t<\/span>\n\t\t\t\t\t\t\t\t\t\t\t\t<a href=\"\" class=\"elementor-toggle-title\">Cat\u00e1logos<\/a>\n\t\t\t\t\t<\/div>\n\n\t\t\t\t\t<div id=\"elementor-tab-content-3834\" class=\"elementor-tab-content elementor-clearfix\" data-tab=\"4\" role=\"tabpanel\" aria-labelledby=\"elementor-tab-title-3834\"><ul><li><a href=\"https:\/\/www.thermon.com\/products\/heating-systems\/ruffneck\/\">Ruffneck<\/a><\/li><li><a href=\"https:\/\/www.thermon.com\/products\/heating-systems\/norseman\/\">Norseman<\/a><\/li><\/ul><\/div>\n\t\t\t\t<\/div>\n\t\t\t\t\t\t\t\t<\/div>\n\t\t\t\t<\/div>\n\t\t\t\t<\/div>\n\t\t\t\t\t\t<\/div>\n\t\t\t\t\t<\/div>\n\t\t<\/div>\n\t\t\t\t\t\t\t\t<\/div>\n\t\t\t\t\t<\/div>\n\t\t<\/section>\n\t\t\t\t<section class=\"elementor-section elementor-top-section elementor-element elementor-element-61904629 elementor-section-boxed elementor-section-height-default elementor-section-height-default\" data-id=\"61904629\" data-element_type=\"section\">\n\t\t\t\t\t\t<div class=\"elementor-container elementor-column-gap-default\">\n\t\t\t\t\t\t\t<div class=\"elementor-row\">\n\t\t\t\t\t<div class=\"elementor-column elementor-col-100 elementor-top-column elementor-element elementor-element-55ff7658\" data-id=\"55ff7658\" data-element_type=\"column\">\n\t\t\t<div class=\"elementor-column-wrap elementor-element-populated\">\n\t\t\t\t\t\t\t<div class=\"elementor-widget-wrap\">\n\t\t\t\t\t\t<div class=\"elementor-element elementor-element-3521735b elementor-arrows-position-inside elementor-widget elementor-widget-image-carousel\" data-id=\"3521735b\" data-element_type=\"widget\" data-settings=\"{&quot;navigation&quot;:&quot;arrows&quot;,&quot;autoplay_speed&quot;:3000,&quot;autoplay&quot;:&quot;yes&quot;,&quot;pause_on_hover&quot;:&quot;yes&quot;,&quot;pause_on_interaction&quot;:&quot;yes&quot;,&quot;infinite&quot;:&quot;yes&quot;,&quot;speed&quot;:500}\" data-widget_type=\"image-carousel.default\">\n\t\t\t\t<div class=\"elementor-widget-container\">\n\t\t\t\t\t<div class=\"elementor-image-carousel-wrapper swiper-container\" dir=\"ltr\">\n\t\t\t<div class=\"elementor-image-carousel swiper-wrapper\">\n\t\t\t\t\t\t\t\t<div class=\"swiper-slide\"><a data-elementor-open-lightbox=\"yes\" data-elementor-lightbox-slideshow=\"3521735b\" data-elementor-lightbox-title=\"CAJA DE CONEXIONES X-MAX\" href=\"https:\/\/corporex.com.ar\/wp-content\/uploads\/2020\/11\/CAJA-DE-CONEXIONES-X-MAX.jpg\"><figure class=\"swiper-slide-inner\"><img class=\"swiper-slide-image\" src=\"https:\/\/corporex.com.ar\/wp-content\/uploads\/2020\/11\/CAJA-DE-CONEXIONES-X-MAX-150x150.jpg\" alt=\"CAJA DE CONEXIONES X-MAX\" \/><figcaption class=\"elementor-image-carousel-caption\">CAJA DE CONEXIONES X-MAX<\/figcaption><\/figure><\/a><\/div><div class=\"swiper-slide\"><a data-elementor-open-lightbox=\"yes\" data-elementor-lightbox-slideshow=\"3521735b\" data-elementor-lightbox-title=\"CALEFACTORES INDUSTRIALES CATALITICOS Y ELECTRICOS. FILTROS - NORSEMAN XGB01 SMALL\" href=\"https:\/\/corporex.com.ar\/wp-content\/uploads\/2020\/11\/CALEFACTORES-INDUSTRIALES-CATALITICOS-Y-ELECTRICOS.-FILTROS-NORSEMAN-XGB01-SMALL.jpg\"><figure class=\"swiper-slide-inner\"><img class=\"swiper-slide-image\" src=\"https:\/\/corporex.com.ar\/wp-content\/uploads\/2020\/11\/CALEFACTORES-INDUSTRIALES-CATALITICOS-Y-ELECTRICOS.-FILTROS-NORSEMAN-XGB01-SMALL.jpg\" alt=\"NORSEMAN XGB\" \/><figcaption class=\"elementor-image-carousel-caption\">NORSEMAN XGB<\/figcaption><\/figure><\/a><\/div><div class=\"swiper-slide\"><a data-elementor-open-lightbox=\"yes\" data-elementor-lightbox-slideshow=\"3521735b\" data-elementor-lightbox-title=\"SERIES XP Y XB - Norseman XB01\" href=\"https:\/\/corporex.com.ar\/wp-content\/uploads\/2020\/11\/SERIES-XP-Y-XB-Norseman-XB01.gif\"><figure class=\"swiper-slide-inner\"><img class=\"swiper-slide-image\" src=\"https:\/\/corporex.com.ar\/wp-content\/uploads\/2020\/11\/SERIES-XP-Y-XB-Norseman-XB01-150x150.gif\" alt=\"NORSEMAN XB\" \/><figcaption class=\"elementor-image-carousel-caption\">NORSEMAN XB<\/figcaption><\/figure><\/a><\/div>\t\t\t<\/div>\n\t\t\t\t\t\t\t\t\t\t\t\t\t\t\t\t<div class=\"elementor-swiper-button elementor-swiper-button-prev\">\n\t\t\t\t\t\t<i class=\"eicon-chevron-left\" aria-hidden=\"true\"><\/i>\n\t\t\t\t\t\t<span class=\"elementor-screen-only\">Anterior<\/span>\n\t\t\t\t\t<\/div>\n\t\t\t\t\t<div class=\"elementor-swiper-button elementor-swiper-button-next\">\n\t\t\t\t\t\t<i class=\"eicon-chevron-right\" aria-hidden=\"true\"><\/i>\n\t\t\t\t\t\t<span class=\"elementor-screen-only\">Siguiente<\/span>\n\t\t\t\t\t<\/div>\n\t\t\t\t\t\t\t\t\t<\/div>\n\t\t\t\t<\/div>\n\t\t\t\t<\/div>\n\t\t\t\t\t\t<\/div>\n\t\t\t\t\t<\/div>\n\t\t<\/div>\n\t\t\t\t\t\t\t\t<\/div>\n\t\t\t\t\t<\/div>\n\t\t<\/section>\n\t\t\t\t\t\t<\/div>\n\t\t\t\t\t\t<\/div>\n\t\t\t\t\t<\/div>\n\t\t","protected":false},"excerpt":{"rendered":"<p>Calefactores El\u00e9ctricos Antiexplosivos RUFFNECK \/ NORSEMAN &#8211; Ruffneck \/ Norseman Ruffneck Amplia l\u00ednea de calefactores antiexplosivos (el\u00e9ctricos y a base de intercambiadores de calor) y temostatos industriales (comunes y antiexplosivos). Dise\u00f1os robustos para aplicaciones industriales. Plazos de entrega cortos. Pol\u00edtica de &#8220;ship the heat in a week&#8221;, con 95% de los productos standard con plazo [&hellip;]<\/p>\n","protected":false},"author":3,"featured_media":0,"parent":0,"menu_order":0,"comment_status":"closed","ping_status":"closed","template":"","meta":[],"_links":{"self":[{"href":"https:\/\/corporex.com.ar\/index.php\/wp-json\/wp\/v2\/pages\/1485"}],"collection":[{"href":"https:\/\/corporex.com.ar\/index.php\/wp-json\/wp\/v2\/pages"}],"about":[{"href":"https:\/\/corporex.com.ar\/index.php\/wp-json\/wp\/v2\/types\/page"}],"author":[{"embeddable":true,"href":"https:\/\/corporex.com.ar\/index.php\/wp-json\/wp\/v2\/users\/3"}],"replies":[{"embeddable":true,"href":"https:\/\/corporex.com.ar\/index.php\/wp-json\/wp\/v2\/comments?post=1485"}],"version-history":[{"count":114,"href":"https:\/\/corporex.com.ar\/index.php\/wp-json\/wp\/v2\/pages\/1485\/revisions"}],"predecessor-version":[{"id":3342,"href":"https:\/\/corporex.com.ar\/index.php\/wp-json\/wp\/v2\/pages\/1485\/revisions\/3342"}],"wp:attachment":[{"href":"https:\/\/corporex.com.ar\/index.php\/wp-json\/wp\/v2\/media?parent=1485"}],"curies":[{"name":"wp","href":"https:\/\/api.w.org\/{rel}","templated":true}]}}