{"id":1465,"date":"2020-11-25T01:11:18","date_gmt":"2020-11-24T22:11:18","guid":{"rendered":"http:\/\/corporex.com.ar\/?page_id=1465"},"modified":"2023-05-24T21:19:34","modified_gmt":"2023-05-24T18:19:34","slug":"calentadores-industriales","status":"publish","type":"page","link":"https:\/\/corporex.com.ar\/index.php\/calentadores-industriales\/","title":{"rendered":"Calentadores industriales"},"content":{"rendered":"\t\t<div data-elementor-type=\"wp-page\" data-elementor-id=\"1465\" class=\"elementor elementor-1465\" data-elementor-settings=\"[]\">\n\t\t\t\t\t\t<div class=\"elementor-inner\">\n\t\t\t\t\t\t\t<div class=\"elementor-section-wrap\">\n\t\t\t\t\t\t\t<section class=\"elementor-section elementor-top-section elementor-element elementor-element-61e75558 elementor-section-boxed elementor-section-height-default elementor-section-height-default\" data-id=\"61e75558\" data-element_type=\"section\">\n\t\t\t\t\t\t<div class=\"elementor-container elementor-column-gap-default\">\n\t\t\t\t\t\t\t<div class=\"elementor-row\">\n\t\t\t\t\t<div class=\"elementor-column elementor-col-100 elementor-top-column elementor-element elementor-element-5ff873f\" data-id=\"5ff873f\" data-element_type=\"column\">\n\t\t\t<div class=\"elementor-column-wrap elementor-element-populated\">\n\t\t\t\t\t\t\t<div class=\"elementor-widget-wrap\">\n\t\t\t\t\t\t<div class=\"elementor-element elementor-element-8aed63b elementor-position-top elementor-vertical-align-top elementor-widget elementor-widget-image-box\" data-id=\"8aed63b\" data-element_type=\"widget\" data-widget_type=\"image-box.default\">\n\t\t\t\t<div class=\"elementor-widget-container\">\n\t\t\t<div class=\"elementor-image-box-wrapper\"><figure class=\"elementor-image-box-img\"><img width=\"150\" height=\"150\" src=\"https:\/\/corporex.com.ar\/wp-content\/uploads\/2020\/12\/Thermon-1.png\" class=\"attachment-medium size-medium\" alt=\"\" loading=\"lazy\" \/><\/figure><div class=\"elementor-image-box-content\"><p class=\"elementor-image-box-description\"><span style=\"color: rgb(0, 0, 0); font-family: Roboto, RobotoDraft, Helvetica, Arial, sans-serif; font-size: 20px; text-align: start; text-decoration-skip-ink: none;\">Calentadores Catal\u00edticos, El\u00e9ctricos y Filtros - <a href=\"https:\/\/www.thermon.com\/\n\"target=\"_blank\" style=\"font-family: Roboto, RobotoDraft, Helvetica, Arial, sans-serif;\">\nThermon<\/a><font face=\"Roboto, RobotoDraft, Helvetica, Arial, sans-serif\" style=\"\"><\/font><\/span><\/p><\/div><\/div>\t\t<\/div>\n\t\t\t\t<\/div>\n\t\t\t\t<div class=\"elementor-element elementor-element-57caa627 elementor-widget-divider--view-line elementor-widget elementor-widget-divider\" data-id=\"57caa627\" data-element_type=\"widget\" data-widget_type=\"divider.default\">\n\t\t\t\t<div class=\"elementor-widget-container\">\n\t\t\t\t\t<div class=\"elementor-divider\">\n\t\t\t<span class=\"elementor-divider-separator\">\n\t\t\t\t\t\t<\/span>\n\t\t<\/div>\n\t\t\t\t<\/div>\n\t\t\t\t<\/div>\n\t\t\t\t<div class=\"elementor-element elementor-element-2ea4c96e elementor-widget elementor-widget-toggle\" data-id=\"2ea4c96e\" data-element_type=\"widget\" data-widget_type=\"toggle.default\">\n\t\t\t\t<div class=\"elementor-widget-container\">\n\t\t\t\t\t<div class=\"elementor-toggle\" role=\"tablist\">\n\t\t\t\t\t\t\t<div class=\"elementor-toggle-item\">\n\t\t\t\t\t<div id=\"elementor-tab-title-7821\" class=\"elementor-tab-title\" data-tab=\"1\" role=\"tab\" aria-controls=\"elementor-tab-content-7821\" aria-expanded=\"false\">\n\t\t\t\t\t\t\t\t\t\t\t\t<span class=\"elementor-toggle-icon elementor-toggle-icon-left\" aria-hidden=\"true\">\n\t\t\t\t\t\t\t\t\t\t\t\t\t\t\t<span class=\"elementor-toggle-icon-closed\"><i class=\"fas fa-circle\"><\/i><\/span>\n\t\t\t\t\t\t\t\t<span class=\"elementor-toggle-icon-opened\"><i class=\"elementor-toggle-icon-opened fas fa-circle\"><\/i><\/span>\n\t\t\t\t\t\t\t\t\t\t\t\t\t<\/span>\n\t\t\t\t\t\t\t\t\t\t\t\t<a href=\"\" class=\"elementor-toggle-title\">Perfil Corporativo<\/a>\n\t\t\t\t\t<\/div>\n\n\t\t\t\t\t<div id=\"elementor-tab-content-7821\" class=\"elementor-tab-content elementor-clearfix\" data-tab=\"1\" role=\"tabpanel\" aria-labelledby=\"elementor-tab-title-7821\"><p><strong>Thermon<\/strong> es desde hace d\u00e9cadas uno de los l\u00edderes mundiales en heat tracing.<\/p><p>Con la adquisici\u00f3n de <strong>CCI Thermal Technologies<\/strong> incorpor\u00f3 a una empresa l\u00edder, con una amplia gama de productos y soluciones para calentamiento y filtrado industrial.<\/p><p><strong>CCI Thermal Technologies<\/strong> surgi\u00f3 de la adquisici\u00f3n de varias empresas complementarias de fabricaci\u00f3n de equipos de calefacci\u00f3n: <strong>Ciscan Industries Ltd.; Caloritech Inc., Norseman, Ruffneck Heaters, Wellman Thermal Systems y DriQuick Inc.<\/strong> Se complement\u00f3 con la incorporaci\u00f3n de los fabricantes de filtros <strong>Flo-Dr<\/strong>i (comercializados junto a la l\u00ednea <strong>Cata-Dyne<\/strong>) y de sistemas de filtrado 3L.<\/p><p><strong>Ciscan Industries Ltd.<\/strong>, fundada en 1964, fue el primer fabricante de calefactores catal\u00edticos antiexplosivos bajo la marca Cata-Dyne para la industria del petr\u00f3leo y el gas.<\/p><p><strong>Caloritech<\/strong> es un fabricante l\u00edder de equipamiento el\u00e9ctrico para calefacci\u00f3n para la procesos y ambientes industriales. Es uno de los mayores proveedores de equipamiento para calefacci\u00f3n de procesos y el m\u00e1s reconocido fabricante de elementos el\u00e9ctricos tubulares y aletados, calefactores de inmersi\u00f3n y productos el\u00e9ctricos antiexplosivos para aire forzado y calefacci\u00f3n industrial.<\/p><p><strong>Wellman Thermal Systems Inc.<\/strong> fabrica calefactores industriales desde 1914. Wellman fue la sucesora del Departamento de Calefacci\u00f3n Industrial de la General Electric y fue reconocida internacionalmente cono l\u00edder en la fabricaci\u00f3n de elementos el\u00e9ctricos de calefacci\u00f3n para vagones y calefacci\u00f3n en aplicaciones industriales.<\/p><p><strong>Ruffneck<\/strong>, fundada en 1975, es l\u00edder en productos para aplicaciones industriales severas, destac\u00e1ndose sus calefactores el\u00e9ctricos antiexplosivos para ambientes industriales.<\/p><p><strong>Norseman<\/strong> fabrica los calefactores de ambientes anitexplosivos m\u00e1s avanzados, incluyendo caloventores industriales libres de glycol.<\/p><p><strong>Flo-Dri<\/strong>, fundada en 1962, es un fabricante l\u00edder de filtros para gas natural y aire comprimido. Sistema patentado para f\u00e1cil recambio, larga vida y baja p\u00e9rdida de carga. 3L es un fabricante l\u00edder de filtros y sistemas de filtrado para aplicaciones comerciales e industriales presente en el mercado desde 1965.<\/p><p><strong>Powerblanket<\/strong> comenz\u00f3 en 2005\u00a0 con un desaf\u00edo: &#8220;\u00bfC\u00f3mo curamos el concreto r\u00e1pidamente con la m\u00e1xima resistencia durante todo el a\u00f1o?&#8221; Esa pregunta impuls\u00f3 la creaci\u00f3n de la manta de curado de concreto Powerblanket, que, a su vez, cambi\u00f3 el calendario de concreto para muchas empresas.<\/p><p>Despu\u00e9s de la capa de hormig\u00f3n, se dieron cuenta de que hab\u00eda problemas de temperatura industrial en todo el mundo y hab\u00edan creado una tecnolog\u00eda que pod\u00eda marcar una gran diferencia. Ahora, los productos Powerblanket evitan que los fluidos se congelen, protegen materiales y equipos cr\u00edticos, mejoran la viscosidad, optimizan los procesos, mantienen la seguridad del personal y brindan un control total de la temperatura y tranquilidad.<\/p><p>\u00a0<\/p><\/div>\n\t\t\t\t<\/div>\n\t\t\t\t\t\t\t<div class=\"elementor-toggle-item\">\n\t\t\t\t\t<div id=\"elementor-tab-title-7822\" class=\"elementor-tab-title\" data-tab=\"2\" role=\"tab\" aria-controls=\"elementor-tab-content-7822\" aria-expanded=\"false\">\n\t\t\t\t\t\t\t\t\t\t\t\t<span class=\"elementor-toggle-icon elementor-toggle-icon-left\" aria-hidden=\"true\">\n\t\t\t\t\t\t\t\t\t\t\t\t\t\t\t<span class=\"elementor-toggle-icon-closed\"><i class=\"fas fa-circle\"><\/i><\/span>\n\t\t\t\t\t\t\t\t<span class=\"elementor-toggle-icon-opened\"><i class=\"elementor-toggle-icon-opened fas fa-circle\"><\/i><\/span>\n\t\t\t\t\t\t\t\t\t\t\t\t\t<\/span>\n\t\t\t\t\t\t\t\t\t\t\t\t<a href=\"\" class=\"elementor-toggle-title\">Calefactores Catal\u00edticos Antiexplosivos Cata-Dyne<\/a>\n\t\t\t\t\t<\/div>\n\n\t\t\t\t\t<div id=\"elementor-tab-content-7822\" class=\"elementor-tab-content elementor-clearfix\" data-tab=\"2\" role=\"tabpanel\" aria-labelledby=\"elementor-tab-title-7822\"><ul><li><a href=\"https:\/\/corporex.com.ar\/index.php\/calefactores-cataliticos-antiexplosivos-cata-dyne\">Ingresar a Calefactores Catal\u00edticos<\/a>.<\/li><\/ul><\/div>\n\t\t\t\t<\/div>\n\t\t\t\t\t\t\t<div class=\"elementor-toggle-item\">\n\t\t\t\t\t<div id=\"elementor-tab-title-7823\" class=\"elementor-tab-title\" data-tab=\"3\" role=\"tab\" aria-controls=\"elementor-tab-content-7823\" aria-expanded=\"false\">\n\t\t\t\t\t\t\t\t\t\t\t\t<span class=\"elementor-toggle-icon elementor-toggle-icon-left\" aria-hidden=\"true\">\n\t\t\t\t\t\t\t\t\t\t\t\t\t\t\t<span class=\"elementor-toggle-icon-closed\"><i class=\"fas fa-circle\"><\/i><\/span>\n\t\t\t\t\t\t\t\t<span class=\"elementor-toggle-icon-opened\"><i class=\"elementor-toggle-icon-opened fas fa-circle\"><\/i><\/span>\n\t\t\t\t\t\t\t\t\t\t\t\t\t<\/span>\n\t\t\t\t\t\t\t\t\t\t\t\t<a href=\"\" class=\"elementor-toggle-title\">Calefactores El\u00e9ctricos Anti Explosivos Ruffneck y Norseman<\/a>\n\t\t\t\t\t<\/div>\n\n\t\t\t\t\t<div id=\"elementor-tab-content-7823\" class=\"elementor-tab-content elementor-clearfix\" data-tab=\"3\" role=\"tabpanel\" aria-labelledby=\"elementor-tab-title-7823\"><ul><li><a href=\"https:\/\/corporex.com.ar\/index.php\/calefactores-electricos-antiexplosivos-ruffneck-y-norseman\">Ingresar a Calefactores El\u00e9ctricos<\/a>.<\/li><\/ul><\/div>\n\t\t\t\t<\/div>\n\t\t\t\t\t\t\t<div class=\"elementor-toggle-item\">\n\t\t\t\t\t<div id=\"elementor-tab-title-7824\" class=\"elementor-tab-title\" data-tab=\"4\" role=\"tab\" aria-controls=\"elementor-tab-content-7824\" aria-expanded=\"false\">\n\t\t\t\t\t\t\t\t\t\t\t\t<span class=\"elementor-toggle-icon elementor-toggle-icon-left\" aria-hidden=\"true\">\n\t\t\t\t\t\t\t\t\t\t\t\t\t\t\t<span class=\"elementor-toggle-icon-closed\"><i class=\"fas fa-circle\"><\/i><\/span>\n\t\t\t\t\t\t\t\t<span class=\"elementor-toggle-icon-opened\"><i class=\"elementor-toggle-icon-opened fas fa-circle\"><\/i><\/span>\n\t\t\t\t\t\t\t\t\t\t\t\t\t<\/span>\n\t\t\t\t\t\t\t\t\t\t\t\t<a href=\"\" class=\"elementor-toggle-title\">Calentadores para Fluidos y Elementos Calefactores El\u00e9ctricos Caloritech<\/a>\n\t\t\t\t\t<\/div>\n\n\t\t\t\t\t<div id=\"elementor-tab-content-7824\" class=\"elementor-tab-content elementor-clearfix\" data-tab=\"4\" role=\"tabpanel\" aria-labelledby=\"elementor-tab-title-7824\"><ul><li><a href=\"https:\/\/corporex.com.ar\/index.php\/calefactores-para-fluidos-y-elementos-calefactores-electricos-caloritech\/\">Ingresar a Calentadores para Fluidos.<\/a><\/li><\/ul><\/div>\n\t\t\t\t<\/div>\n\t\t\t\t\t\t\t<div class=\"elementor-toggle-item\">\n\t\t\t\t\t<div id=\"elementor-tab-title-7825\" class=\"elementor-tab-title\" data-tab=\"5\" role=\"tab\" aria-controls=\"elementor-tab-content-7825\" aria-expanded=\"false\">\n\t\t\t\t\t\t\t\t\t\t\t\t<span class=\"elementor-toggle-icon elementor-toggle-icon-left\" aria-hidden=\"true\">\n\t\t\t\t\t\t\t\t\t\t\t\t\t\t\t<span class=\"elementor-toggle-icon-closed\"><i class=\"fas fa-circle\"><\/i><\/span>\n\t\t\t\t\t\t\t\t<span class=\"elementor-toggle-icon-opened\"><i class=\"elementor-toggle-icon-opened fas fa-circle\"><\/i><\/span>\n\t\t\t\t\t\t\t\t\t\t\t\t\t<\/span>\n\t\t\t\t\t\t\t\t\t\t\t\t<a href=\"\" class=\"elementor-toggle-title\">Sistemas de Filtrado 3L<\/a>\n\t\t\t\t\t<\/div>\n\n\t\t\t\t\t<div id=\"elementor-tab-content-7825\" class=\"elementor-tab-content elementor-clearfix\" data-tab=\"5\" role=\"tabpanel\" aria-labelledby=\"elementor-tab-title-7825\"><ul><li><a href=\"https:\/\/corporex.com.ar\/index.php\/sistemas-de-filtrado-3l\/\">Ingresar a Sistemas de Filtrado.<\/a><\/li><\/ul><\/div>\n\t\t\t\t<\/div>\n\t\t\t\t\t\t\t<div class=\"elementor-toggle-item\">\n\t\t\t\t\t<div id=\"elementor-tab-title-7826\" class=\"elementor-tab-title\" data-tab=\"6\" role=\"tab\" aria-controls=\"elementor-tab-content-7826\" aria-expanded=\"false\">\n\t\t\t\t\t\t\t\t\t\t\t\t<span class=\"elementor-toggle-icon elementor-toggle-icon-left\" aria-hidden=\"true\">\n\t\t\t\t\t\t\t\t\t\t\t\t\t\t\t<span class=\"elementor-toggle-icon-closed\"><i class=\"fas fa-circle\"><\/i><\/span>\n\t\t\t\t\t\t\t\t<span class=\"elementor-toggle-icon-opened\"><i class=\"elementor-toggle-icon-opened fas fa-circle\"><\/i><\/span>\n\t\t\t\t\t\t\t\t\t\t\t\t\t<\/span>\n\t\t\t\t\t\t\t\t\t\t\t\t<a href=\"\" class=\"elementor-toggle-title\">Mantas Calefactoras Powerblanket<\/a>\n\t\t\t\t\t<\/div>\n\n\t\t\t\t\t<div id=\"elementor-tab-content-7826\" class=\"elementor-tab-content elementor-clearfix\" data-tab=\"6\" role=\"tabpanel\" aria-labelledby=\"elementor-tab-title-7826\"><ul><li><a href=\"https:\/\/corporex.com.ar\/index.php\/instalaciones-electricas-temporarias\/\">Ingresar a mantas calefactoras<\/a><\/li><\/ul><\/div>\n\t\t\t\t<\/div>\n\t\t\t\t\t\t\t<div class=\"elementor-toggle-item\">\n\t\t\t\t\t<div id=\"elementor-tab-title-7827\" class=\"elementor-tab-title\" data-tab=\"7\" role=\"tab\" aria-controls=\"elementor-tab-content-7827\" aria-expanded=\"false\">\n\t\t\t\t\t\t\t\t\t\t\t\t<span class=\"elementor-toggle-icon elementor-toggle-icon-left\" aria-hidden=\"true\">\n\t\t\t\t\t\t\t\t\t\t\t\t\t\t\t<span class=\"elementor-toggle-icon-closed\"><i class=\"fas fa-circle\"><\/i><\/span>\n\t\t\t\t\t\t\t\t<span class=\"elementor-toggle-icon-opened\"><i class=\"elementor-toggle-icon-opened fas fa-circle\"><\/i><\/span>\n\t\t\t\t\t\t\t\t\t\t\t\t\t<\/span>\n\t\t\t\t\t\t\t\t\t\t\t\t<a href=\"\" class=\"elementor-toggle-title\">Resumen de Productos<\/a>\n\t\t\t\t\t<\/div>\n\n\t\t\t\t\t<div id=\"elementor-tab-content-7827\" class=\"elementor-tab-content elementor-clearfix\" data-tab=\"7\" role=\"tabpanel\" aria-labelledby=\"elementor-tab-title-7827\"><ul>\n \t<li><a \n\nhref=\"https:\/\/corporex.com.ar\/wp-content\/uploads\/2023\/05\/Lineas-productos-Thermon-Canada-ex-CCI-Thermal-Technologies-y-PowerBlanket.pdf\"\n\" target=\"_blank\" rel=\"noopener\"\n>Ingresar a Resumen de Productos<\/a><\/li>\n<\/ul><\/div>\n\t\t\t\t<\/div>\n\t\t\t\t\t\t\t\t<\/div>\n\t\t\t\t<\/div>\n\t\t\t\t<\/div>\n\t\t\t\t\t\t<\/div>\n\t\t\t\t\t<\/div>\n\t\t<\/div>\n\t\t\t\t\t\t\t\t<\/div>\n\t\t\t\t\t<\/div>\n\t\t<\/section>\n\t\t\t\t\t\t<\/div>\n\t\t\t\t\t\t<\/div>\n\t\t\t\t\t<\/div>\n\t\t","protected":false},"excerpt":{"rendered":"<p>Calentadores Catal\u00edticos, El\u00e9ctricos y Filtros &#8211; Thermon Perfil Corporativo Thermon es desde hace d\u00e9cadas uno de los l\u00edderes mundiales en heat tracing. Con la adquisici\u00f3n de CCI Thermal Technologies incorpor\u00f3 a una empresa l\u00edder, con una amplia gama de productos y soluciones para calentamiento y filtrado industrial. CCI Thermal Technologies surgi\u00f3 de la adquisici\u00f3n de [&hellip;]<\/p>\n","protected":false},"author":3,"featured_media":0,"parent":0,"menu_order":0,"comment_status":"closed","ping_status":"closed","template":"","meta":[],"_links":{"self":[{"href":"https:\/\/corporex.com.ar\/index.php\/wp-json\/wp\/v2\/pages\/1465"}],"collection":[{"href":"https:\/\/corporex.com.ar\/index.php\/wp-json\/wp\/v2\/pages"}],"about":[{"href":"https:\/\/corporex.com.ar\/index.php\/wp-json\/wp\/v2\/types\/page"}],"author":[{"embeddable":true,"href":"https:\/\/corporex.com.ar\/index.php\/wp-json\/wp\/v2\/users\/3"}],"replies":[{"embeddable":true,"href":"https:\/\/corporex.com.ar\/index.php\/wp-json\/wp\/v2\/comments?post=1465"}],"version-history":[{"count":316,"href":"https:\/\/corporex.com.ar\/index.php\/wp-json\/wp\/v2\/pages\/1465\/revisions"}],"predecessor-version":[{"id":3345,"href":"https:\/\/corporex.com.ar\/index.php\/wp-json\/wp\/v2\/pages\/1465\/revisions\/3345"}],"wp:attachment":[{"href":"https:\/\/corporex.com.ar\/index.php\/wp-json\/wp\/v2\/media?parent=1465"}],"curies":[{"name":"wp","href":"https:\/\/api.w.org\/{rel}","templated":true}]}}